{"id":374,"date":"2025-02-05T12:49:18","date_gmt":"2025-02-05T10:49:18","guid":{"rendered":"https:\/\/policies.barona.fi\/?page_id=364"},"modified":"2025-02-20T09:12:09","modified_gmt":"2025-02-20T07:12:09","slug":"privaatsusteade","status":"publish","type":"page","link":"https:\/\/policies.barona.fi\/eesti\/privaatsusteade\/","title":{"rendered":"Privaatsusteade"},"content":{"rendered":"\n<h2 class=\"wp-block-heading\">1. Sissejuhatus<\/h2>\n\n\n\n<p>See on \u00fclevaade, kuidas t\u00f6\u00f6tleme isikuandmeid meie poolt pakutavate teenuste raames (v\u00e4rbamine, t\u00f6\u00f6j\u00f5urent ja personalihaldus). J\u00e4rgime oma tegevuses Euroopa isikuandmete kaitse \u00fcldm\u00e4\u00e4ruse (GDPR) n\u00f5udeid ning siseriiklikke \u00f5igusakte.<\/p>\n\n\n\n<p>Isikuandmete vastutavaks t\u00f6\u00f6tlejaks v\u00f5ib teatud juhtdel olla ka meie klient ehk ettev\u00f5te, kes on t\u00f6\u00f6andja ning kes kasutab Barona teenuseid t\u00f6\u00f6tajate leidmisel. Sellisel juhul kohalduvad lisaks ka t\u00f6\u00f6andja poolt kehtestatud isikuandmete t\u00f6\u00f6tlemise tingimused. Barona on seejuures isikuandmete volitatud t\u00f6\u00f6tleja ning juhindub andmete t\u00f6\u00f6tlemisel muuhulgas t\u00f6\u00f6andja kui vastutava t\u00f6\u00f6tleja juhistest.<\/p>\n\n\n\n<p>Osade tegevuste ja sellega seotud isikuandmete t\u00f6\u00f6tlemisel on vastutavaks t\u00f6\u00f6tlejaks ka Barona ehk \u00e4ri\u00fching Barona Eesti O\u00dc, Kotka 26, Tallinn, Eesti. Nendeks juhtudeks on kandidaatide ja potentsiaalsete kandidaatide huvi salvestamine teatud t\u00fc\u00fcpi ametikoha osas, t\u00f6\u00f6j\u00f5urendiga seotud t\u00f6\u00f6suhete haldamine, Barona veebilehe haldamine<\/p>\n\n\n\n<h2 class=\"wp-block-heading\">2. Kuidas me Sinu isikuandmeid t\u00f6\u00f6tleme?<\/h2>\n\n\n\n<p>Barona kogub isikuandmeid Sinult endalt ning vajadusel avalikest allikatest, n\u00e4iteks ametlikest registritest.<\/p>\n\n\n\n<p>Lisaks s\u00e4ilitab Barona oma teenuste kvaliteedi hoidmise ja t\u00f5stmise eesm\u00e4rgil info Sinu kandideerimishuvi kohta sinu n\u00f5usoleku alusel. \u00dcldjuhul me ei salvesta detailseid kandideerimisandmeid kauem kui teenuse osutamiseks vajalik ning kogume kandideerimiseks vajalikud andmed igakordselt uuesti.<\/p>\n\n\n\n<h2 class=\"wp-block-heading\">3. Milliseid isikuandmeid me t\u00f6\u00f6tleme ja miks?<\/h2>\n\n\n\n<figure class=\"wp-block-table\"><table class=\"has-fixed-layout\"><tbody><tr><td><strong>Tegevus<\/strong><\/td><td><strong>Isikuandmed<\/strong><\/td><td><strong>Eesm\u00e4rk<\/strong><\/td><td><strong>T\u00f6\u00f6tlemise alus<\/strong><\/td><\/tr><tr><td>Vabadele t\u00f6\u00f6kohtadele<br>kandideerimine<\/td><td>Nimi, e-post, isikukood, CV-s sisalduv teave, kandidaadi poolt esitatav teave, keeleoskus, haridustase, t\u00f6\u00f6kogemus<\/td><td>Kandideerimisavalduste vastuv\u00f5tmine<\/td><td>\u00d5igustatud huvi<\/td><\/tr><tr><td>Kandideerimisprotsessi<br>l\u00e4biviimine<\/td><td>V\u00e4rbamisprotsessi k\u00e4igus kogutud teave, n\u00e4iteks videointervjuud, intervjuu m\u00e4rkmed ja soovitused, kommunikatsioon kandidaadiga<\/td><td>Sobivate kandidaatide valik<\/td><td>\u00d5igustatud huvi<\/td><\/tr><tr><td>Kandidaadi suunamine testimisele t\u00f6\u00f6pakkuja soovil<\/td><td>Testimist l\u00e4biviivast teenusepakkujast s\u00f5ltuv andmet\u00f6\u00f6tlus<\/td><td>Vakantsele ametikohale sobiva kandidaadi leidmine<\/td><td>\u00d5igustatud huvi<\/td><\/tr><tr><td>Kandideerimisprotsessi<br>j\u00e4rgne andmete s\u00e4ilitamine<br>v\u00f5imalike vaidluste<br>lahendamiseks<\/td><td>Kandideerimisega seotud andmed ja dokumendid<\/td><td>Seadusest tuleneva vaidlustus\u00f5iguse perioodiks kandideerimisinfo s\u00e4ilitamine (1 aasta)<\/td><td>\u00d5igustatud huvi<\/td><\/tr><tr><td>Registrip\u00e4ringud<\/td><td>Krediidi- ja karistusregistri andmed<\/td><td>T\u00f6\u00f6andja huvide kaitse vastavalt ametikoha vajadustele<\/td><td>Seadusest tulenev kohustus, \u00d5igustatud huvi, N\u00f5usolek<\/td><\/tr><tr><td>Kandidaadi\/potentsiaalse<br>kandidaadi t\u00f6\u00f6otsingu huvi<br>salvestamine<\/td><td>Nimi, ametikoha t\u00fc\u00fcp<\/td><td>Barona teenuste kvaliteedi hoidmine ja t\u00f5stmine<\/td><td>N\u00f5usolek<\/td><\/tr><tr><td>T\u00f6\u00f6j\u00f5urent (t\u00f6\u00f6leping<br>s\u00f5lmitakse Baronaga ning<br>kogu sellekohane haldus ja<br>andmet\u00f6\u00f6tlus teostatakse<br>Barona poolt). T\u00f6\u00f6d tehakse<br>Barona kliendile<\/td><td>Kogu Kandideerimisprotsessi andmestik + T\u00f6\u00f6lepinguga seotud andmed, raamatupidamise andmed, t\u00f6\u00f6aja arvestus, palgaandmed, puhkused ja haigusp\u00e4evad, v\u00f5imalikud erivajadused, ameti\u00fchingusse kuuluvus.<\/td><td>T\u00f6\u00f6lepingu haldus ja t\u00f6\u00f6j\u00f5urendi teenuse pakkumine<\/td><td>Seadusest tulenev kohustus, Leping<\/td><\/tr><tr><td>Veebilehe k\u00fclastaja<br>veebik\u00e4itumine<\/td><td>Veebilehitseja info, IP aadress, anal\u00fc\u00fctilised k\u00fcpsised<\/td><td>Veebilehe k\u00fclastaja kasutusmugavuse optimeerimine<\/td><td>N\u00f5usolek<\/td><\/tr><tr><td>Uudiskirjad ja<br>turunduspakkumised<\/td><td>Nimi, e-posti aadress<\/td><td>Turundus<\/td><td>N\u00f5usolek<\/td><\/tr><\/tbody><\/table><\/figure>\n\n\n\n<h2 class=\"wp-block-heading\">4. Isikuandmete edastamine<\/h2>\n\n\n\n<p>Jagame Sinu isikuandmeid vaid konkreetse t\u00f6\u00f6andjaga ning vajadusel koost\u00f6\u00f6partneriga, kes viib l\u00e4bi t\u00f6\u00f6j\u00f5uvahenduse teenuse raames isikute testimisi. Samuti kasutame koost\u00f6\u00f6partneri (Recrur) tarkvara meie teenuste haldamiseks. Koost\u00f6\u00f6partneritel on ligip\u00e4\u00e4s osadele Sinu isikuandmetele, et tagada asjakohane teenus. Neil ei ole ole \u00f5igust kasutada Sinu isikuandmeid muudel eesm\u00e4rkidel ega s\u00e4ilitada kauem kui teenuse kohaseks pakkumiseks vajalik.&nbsp;&nbsp;<\/p>\n\n\n\n<p>Seadusest tulenevate kohustuste korral edastame Sinu andmeid ka riigiasutustele ja j\u00e4relevalveasutustele n\u00e4iteks maksualane teave, sotsiaalkindlustus, andmekaitse, politsei ja kohtud.&nbsp;<\/p>\n\n\n\n<p>Meie t\u00f6\u00f6tajatel on ligip\u00e4\u00e4s Sinu isikuandmetele mahus, mis on nende t\u00f6\u00f6\u00fclesannete t\u00e4itmiseks vajalik.&nbsp;<\/p>\n\n\n\n<p><em>Kellega ja millisel eesm\u00e4rgil me isikuandmeid jagame?<\/em><\/p>\n\n\n\n<figure class=\"wp-block-table\"><table class=\"has-fixed-layout\"><tbody><tr><td class=\"has-text-align-left\" data-align=\"left\"><strong>Vastuv\u00f5tjate kategooriad<\/strong>&nbsp;<\/td><td><strong>Edastamise eesm\u00e4rk<\/strong>&nbsp;<\/td><\/tr><tr><td class=\"has-text-align-left\" data-align=\"left\">Teenusepakkujad&nbsp;<\/td><td>Me teeme koost\u00f6\u00f6d teenusepakkujatega, kes pakuvad Barona terviklahenduse toimimiseks vajalikku lisafunktsionaalsust. Samuti on meie koost\u00f6\u00f6partneriks tehniliste lahenduste ja nende turvalisuse pakkujad, n\u00e4iteks IT teenused.&nbsp;&nbsp;<\/td><\/tr><tr><td class=\"has-text-align-left\" data-align=\"left\">Testimine&nbsp;<\/td><td>Kasutame teenusepakkujaid, kelle \u00fclesandeks on potentsiaalse t\u00f6\u00f6taja isiksuse ja v\u00f5imekuse testimised.&nbsp;&nbsp;<\/td><\/tr><\/tbody><\/table><\/figure>\n\n\n\n<p><br><em>Rahvusvaheline edastamine<\/em>&nbsp;<\/p>\n\n\n\n<p>Osa meie andmet\u00f6\u00f6tlusest toimub pilvelahendusi kasutades. See t\u00e4hendab, et osa andmetest v\u00f5ib teatud juhtudel liikuda ka Euroopa Liidust v\u00e4lja. Sellistel juhtudel tagame, et andmete edastamine oleks koosk\u00f5las kohalduvate andmekaitse reeglitega ja seadustega ning lepingulised, tehnilised ja organisatsioonilised meetmed oleksid paigas.&nbsp;&nbsp;<\/p>\n\n\n\n<h2 class=\"wp-block-heading\">5. <strong>Isikuandmete turvalisuse tagamine<\/strong>&nbsp;<\/h2>\n\n\n\n<p>K\u00f5ikide andmete turvalisuse tagamiseks rakendame tehnilisi ja organisatsioonilisi turvameetmeid. Tagame sinu isikuandmete kaitse tahtliku v\u00f5i tahtmatu h\u00e4vimise, muutmise, alusetu ligip\u00e4\u00e4su v\u00f5i mistahes muu ebaseadusliku t\u00f6\u00f6tlemise osas.&nbsp;&nbsp;<\/p>\n\n\n\n<p>Turvameetmed sisaldavad muuhulgas: autentimine ja ligip\u00e4\u00e4suhaldus; paroolid ja vajadusp\u00f5hine ligip\u00e4\u00e4s andmetele; turvaline v\u00f5rgudisain; andmekadude ennetus ja muud pidevalt uuendatavad turvameetmed.&nbsp;<\/p>\n\n\n\n<h2 class=\"wp-block-heading\">6. <strong>Isikuandmete s\u00e4ilitamine ja kustutamine<\/strong>&nbsp;<\/h2>\n\n\n\n<p>Isikuandmete s\u00e4ilitust\u00e4htajad s\u00f5ltuvad sellest, millisel eesm\u00e4rgil ja \u00f5iguslikul alusel me neid t\u00f6\u00f6tleme. N\u00e4iteks v\u00f5ib meile rakenduda seadusest v\u00f5i lepingust tulenev kohustus andmeid teatud perioodil s\u00e4ilitada. Aluseks v\u00f5ib olla ka sinu ja meie \u00f5igustatud huvi v\u00f5i sinu n\u00f5usolek.&nbsp;&nbsp;<\/p>\n\n\n\n<p>N\u00f5usoleku p\u00f5hine andmet\u00f6\u00f6tlus l\u00f5peb siis kui v\u00f5tad oma n\u00f5usoleku tagasi.&nbsp;<\/p>\n\n\n\n<p>Raamatupidamise andmeid (tehingute dokumendid) oleme Raamatupidamise seaduse j\u00e4rgi kohustatud s\u00e4ilitama 7 aastat alates jooksva majandusaasta l\u00f5pust.&nbsp;<\/p>\n\n\n\n<p>V\u00f5rdse kohtlemise seaduse alusel esitatavate v\u00f5imaike vaidluste lahendamiseks s\u00e4ilitame kandideerimisega seotud andmeid 1 aasta.&nbsp;<\/p>\n\n\n\n<p>T\u00f6\u00f6lepingut ja sellega seotud isikuandmeid oleme T\u00f6\u00f6epingu seaduse j\u00e4rgi kohustatud s\u00e4ilitama 10 aastat p\u00e4rast t\u00f6\u00f6suhte l\u00f5ppu.&nbsp;<\/p>\n\n\n\n<p>Kui sul on t\u00e4psustavaid k\u00fcsimusi isikuandmete s\u00e4ilitamise osas, saada alti p\u00f6\u00f6rduda meie poole alltoodud kontaktidel.<\/p>\n\n\n\n<h2 class=\"wp-block-heading\">7. <strong>Isiku \u00f5igused<\/strong>&nbsp;<\/h2>\n\n\n\n<p>Andmekaitse regulatsiooni kohaselt on sul teatud \u00f5igused seoses isikuandmete t\u00f6\u00f6tlemisega. Arvesta, et osadel juhtudel pead sa nende \u00f5iguste kasutamiseks p\u00f6\u00f6rduma andmete vastutava t\u00f6\u00f6tleja poole, kelleks ei pruugi olla Barona.&nbsp;<\/p>\n\n\n\n<ol class=\"wp-block-list\">\n<li><strong>\u00d5igus andmetega tutvuda. <\/strong>Sul on \u00f5igus teada kes, kuidas, millistest allikatest ja missuguseid isikuandmeid t\u00f6\u00f6tleb.&nbsp;<\/li>\n\n\n\n<li><strong>Andmete \u00fclekandmine.<\/strong> Sul on \u00f5igus k\u00fcsida enda kohta kogutud isikuandmeid masinloetaval kujul \u00fclekandmiseks teisele teenusepakkujale, mille teenuseid soovite n\u00e4iteks edaspidi kasutada.<strong>&nbsp;<\/strong><\/li>\n\n\n\n<li><strong>Andmete kustutamine\/\u00f5igus olla unustatud.<\/strong> Sul on \u00f5igus n\u00f5uda oma isikuandmete kustutamist, kui sa ei soovi enam nende t\u00f6\u00f6tlemist ja andmet\u00f6\u00f6tlejal puudub \u00f5igustatud p\u00f5hjus nende kasutamiseks.<\/li>\n\n\n\n<li><strong>Andmete t\u00f6\u00f6tlemise piiramine\/vastuv\u00e4ite esitamine. <\/strong>Sul on \u00f5igus\u202fteatud tingimustel oma isikuandmete t\u00f6\u00f6tlemist piirata ja keelata.<strong>\u202f<\/strong>Samuti on sul \u00f5igus esitada m\u00f5juva p\u00f5hjuse olemasolul vastuv\u00e4iteid oma andmete kasutamiseks<strong> <\/strong>\u00f5igustatud huvi alusel t\u00f6\u00f6tlemisel.&nbsp;<\/li>\n\n\n\n<li><strong>Andmete parandamine. <\/strong>Sul on alati \u00f5igus isikuandmeid parandada v\u00f5i t\u00e4iendada, kui need ei ole t\u00e4psed ning kui ebat\u00e4psusel v\u00f5ib olla sulle m\u00f5ju.<strong>\u202f<\/strong><\/li>\n\n\n\n<li><strong>\u00d5igus n\u00f5usolek tagasi v\u00f5tta<\/strong>. Kui oled andnud enda isikuandmete t\u00f6\u00f6tlemiseks n\u00f5usolekuid, on sul alati \u00f5igus neid tagasi v\u00f5tta.&nbsp;&nbsp;<\/li>\n<\/ol>\n\n\n\n<p>Kasutamaks \u00fclaltoodud isikuandmete t\u00f6\u00f6tlemisega seotud \u00f5igusi, v\u00f5ta meiega \u00fchendust <a href=\"mailto:info@barona.ee\">info@barona.ee<\/a>. Vastame sulle 30 p\u00e4eva jooksul. Kui sinu p\u00f6\u00f6rdumine puudutab isikuandmeid, mille suhtes me ei ole vastutavad andmet\u00f6\u00f6tlejad, edastame sinu p\u00f6\u00f6rdumise vastutavale andmet\u00f6\u00f6tlejale.&nbsp;<\/p>\n\n\n\n<h2 class=\"wp-block-heading\">8. <strong>Muu oluline informatsioon<\/strong>&nbsp;<\/h2>\n\n\n\n<p><em>Uudiskirjad ja otseturundus<\/em>&nbsp;<\/p>\n\n\n\n<p>Saadame sulle uudiskirju ja valitud turunduspakkumisi kui oled meile selleks andnud oma vastavasisulise n\u00f5usoleku. Sul on v\u00f5imalus igal ajal oma n\u00f5usolek tagasi v\u00f5tta. Teadetest loobumise link sisaldub tavaliselt teates, kuid lisaks on sul v\u00f5imalus n\u00f5usolek tagasi v\u00f5tta ka meie poole p\u00f6\u00f6rdudes. V\u00f5ime kasutada ka sotsiaalmeedia t\u00f6\u00f6riistu, et reklaamida oma teenuseid. Kuna sotsiaalmeedia platvorme k\u00e4sitletakse kui eraldiseisvaid vastutavaid t\u00f6\u00f6tlejaid, siis rakenduvad selles osas sinu isikuandmete t\u00f6\u00f6tlemisele ka nende privaatsustingimused. Sellest tulenevalt tuleb t\u00e4helepanu p\u00f6\u00f6rata ka nende teenusepakkujate n\u00f5usolekute tingimustele.&nbsp;&nbsp;<\/p>\n\n\n\n<p><em>Vaidluste lahendamine<\/em>&nbsp;<\/p>\n\n\n\n<p>Kui sul on k\u00fcsimusi isikuandmete t\u00f6\u00f6tlemise kohta, v\u00f5ta palun meiega \u00fchendust&nbsp; <a href=\"mailto:info@barona.ee\">info@barona.ee<\/a>. Sul on ka \u00f5igus esitada kaebus Andmekaitse Inspektsioonile <a href=\"mailto:info@aki.ee\" target=\"_blank\" rel=\"noreferrer noopener\">info@aki.ee<\/a>&nbsp;&nbsp;<\/p>\n\n\n\n<p><em>Privaatsusteadet uuendati viimati veebruaris 2025.<\/em>&nbsp;<\/p>\n\n\n\n<p><\/p>\n","protected":false},"excerpt":{"rendered":"<p>1. Sissejuhatus See on \u00fclevaade, kuidas t\u00f6\u00f6tleme isikuandmeid meie poolt pakutavate teenuste raames (v\u00e4rbamine, t\u00f6\u00f6j\u00f5urent ja personalihaldus). J\u00e4rgime oma tegevuses Euroopa isikuandmete kaitse \u00fcldm\u00e4\u00e4ruse (GDPR) n\u00f5udeid ning siseriiklikke \u00f5igusakte. Isikuandmete vastutavaks t\u00f6\u00f6tlejaks v\u00f5ib teatud juhtdel olla ka meie klient ehk ettev\u00f5te, kes on t\u00f6\u00f6andja ning kes kasutab Barona teenuseid t\u00f6\u00f6tajate leidmisel. Sellisel juhul kohalduvad lisaks&#8230;<\/p>\n","protected":false},"author":1,"featured_media":0,"parent":0,"menu_order":0,"comment_status":"closed","ping_status":"closed","template":"","meta":{"inline_featured_image":false,"_kadence_starter_templates_imported_post":false,"_kad_post_transparent":"","_kad_post_title":"","_kad_post_layout":"","_kad_post_sidebar_id":"","_kad_post_content_style":"","_kad_post_vertical_padding":"","_kad_post_feature":"","_kad_post_feature_position":"","_kad_post_header":false,"_kad_post_footer":false,"_kad_post_classname":"","footnotes":""},"class_list":["post-374","page","type-page","status-publish","hentry"],"yoast_head":"<!-- This site is optimized with the Yoast SEO plugin v27.2 - https:\/\/yoast.com\/product\/yoast-seo-wordpress\/ -->\n<title>Privaatsusteade - Barona Estonia<\/title>\n<meta name=\"robots\" content=\"index, follow, max-snippet:-1, max-image-preview:large, max-video-preview:-1\" \/>\n<link rel=\"canonical\" href=\"https:\/\/policies.barona.fi\/eesti\/privaatsusteade\/\" \/>\n<meta property=\"og:locale\" content=\"en_GB\" \/>\n<meta property=\"og:type\" content=\"article\" \/>\n<meta property=\"og:title\" content=\"Privaatsusteade - Barona Estonia\" \/>\n<meta property=\"og:description\" content=\"1. Sissejuhatus See on \u00fclevaade, kuidas t\u00f6\u00f6tleme isikuandmeid meie poolt pakutavate teenuste raames (v\u00e4rbamine, t\u00f6\u00f6j\u00f5urent ja personalihaldus). J\u00e4rgime oma tegevuses Euroopa isikuandmete kaitse \u00fcldm\u00e4\u00e4ruse (GDPR) n\u00f5udeid ning siseriiklikke \u00f5igusakte. Isikuandmete vastutavaks t\u00f6\u00f6tlejaks v\u00f5ib teatud juhtdel olla ka meie klient ehk ettev\u00f5te, kes on t\u00f6\u00f6andja ning kes kasutab Barona teenuseid t\u00f6\u00f6tajate leidmisel. Sellisel juhul kohalduvad lisaks...\" \/>\n<meta property=\"og:url\" content=\"https:\/\/policies.barona.fi\/eesti\/privaatsusteade\/\" \/>\n<meta property=\"og:site_name\" content=\"Barona Estonia\" \/>\n<meta property=\"article:modified_time\" content=\"2025-02-20T07:12:09+00:00\" \/>\n<meta name=\"twitter:card\" content=\"summary_large_image\" \/>\n<meta name=\"twitter:label1\" content=\"Est. reading time\" \/>\n\t<meta name=\"twitter:data1\" content=\"5 minutes\" \/>\n<script type=\"application\/ld+json\" class=\"yoast-schema-graph\">{\"@context\":\"https:\/\/schema.org\",\"@graph\":[{\"@type\":\"WebPage\",\"@id\":\"https:\/\/policies.barona.fi\/eesti\/privaatsusteade\/\",\"url\":\"https:\/\/policies.barona.fi\/eesti\/privaatsusteade\/\",\"name\":\"Privaatsusteade - Barona Estonia\",\"isPartOf\":{\"@id\":\"https:\/\/policies.barona.fi\/eesti\/#website\"},\"datePublished\":\"2025-02-05T10:49:18+00:00\",\"dateModified\":\"2025-02-20T07:12:09+00:00\",\"breadcrumb\":{\"@id\":\"https:\/\/policies.barona.fi\/eesti\/privaatsusteade\/#breadcrumb\"},\"inLanguage\":\"en-GB\",\"potentialAction\":[{\"@type\":\"ReadAction\",\"target\":[\"https:\/\/policies.barona.fi\/eesti\/privaatsusteade\/\"]}]},{\"@type\":\"BreadcrumbList\",\"@id\":\"https:\/\/policies.barona.fi\/eesti\/privaatsusteade\/#breadcrumb\",\"itemListElement\":[{\"@type\":\"ListItem\",\"position\":1,\"name\":\"Home\",\"item\":\"https:\/\/policies.barona.fi\/eesti\/\"},{\"@type\":\"ListItem\",\"position\":2,\"name\":\"Privaatsusteade\"}]},{\"@type\":\"WebSite\",\"@id\":\"https:\/\/policies.barona.fi\/eesti\/#website\",\"url\":\"https:\/\/policies.barona.fi\/eesti\/\",\"name\":\"Barona Estonia\",\"description\":\"\",\"publisher\":{\"@id\":\"https:\/\/policies.barona.fi\/eesti\/#organization\"},\"potentialAction\":[{\"@type\":\"SearchAction\",\"target\":{\"@type\":\"EntryPoint\",\"urlTemplate\":\"https:\/\/policies.barona.fi\/eesti\/?s={search_term_string}\"},\"query-input\":{\"@type\":\"PropertyValueSpecification\",\"valueRequired\":true,\"valueName\":\"search_term_string\"}}],\"inLanguage\":\"en-GB\"},{\"@type\":\"Organization\",\"@id\":\"https:\/\/policies.barona.fi\/eesti\/#organization\",\"name\":\"Barona Estonia\",\"url\":\"https:\/\/policies.barona.fi\/eesti\/\",\"logo\":{\"@type\":\"ImageObject\",\"inLanguage\":\"en-GB\",\"@id\":\"https:\/\/policies.barona.fi\/eesti\/#\/schema\/logo\/image\/\",\"url\":\"https:\/\/policies.barona.fi\/eesti\/wp-content\/uploads\/sites\/15\/2025\/02\/cropped-cropped-cropped-barona_black_rgb-e1694693512172-1.webp\",\"contentUrl\":\"https:\/\/policies.barona.fi\/eesti\/wp-content\/uploads\/sites\/15\/2025\/02\/cropped-cropped-cropped-barona_black_rgb-e1694693512172-1.webp\",\"width\":120,\"height\":48,\"caption\":\"Barona Estonia\"},\"image\":{\"@id\":\"https:\/\/policies.barona.fi\/eesti\/#\/schema\/logo\/image\/\"}}]}<\/script>\n<!-- \/ Yoast SEO plugin. -->","yoast_head_json":{"title":"Privaatsusteade - Barona Estonia","robots":{"index":"index","follow":"follow","max-snippet":"max-snippet:-1","max-image-preview":"max-image-preview:large","max-video-preview":"max-video-preview:-1"},"canonical":"https:\/\/policies.barona.fi\/eesti\/privaatsusteade\/","og_locale":"en_GB","og_type":"article","og_title":"Privaatsusteade - Barona Estonia","og_description":"1. Sissejuhatus See on \u00fclevaade, kuidas t\u00f6\u00f6tleme isikuandmeid meie poolt pakutavate teenuste raames (v\u00e4rbamine, t\u00f6\u00f6j\u00f5urent ja personalihaldus). J\u00e4rgime oma tegevuses Euroopa isikuandmete kaitse \u00fcldm\u00e4\u00e4ruse (GDPR) n\u00f5udeid ning siseriiklikke \u00f5igusakte. Isikuandmete vastutavaks t\u00f6\u00f6tlejaks v\u00f5ib teatud juhtdel olla ka meie klient ehk ettev\u00f5te, kes on t\u00f6\u00f6andja ning kes kasutab Barona teenuseid t\u00f6\u00f6tajate leidmisel. Sellisel juhul kohalduvad lisaks...","og_url":"https:\/\/policies.barona.fi\/eesti\/privaatsusteade\/","og_site_name":"Barona Estonia","article_modified_time":"2025-02-20T07:12:09+00:00","twitter_card":"summary_large_image","twitter_misc":{"Est. reading time":"5 minutes"},"schema":{"@context":"https:\/\/schema.org","@graph":[{"@type":"WebPage","@id":"https:\/\/policies.barona.fi\/eesti\/privaatsusteade\/","url":"https:\/\/policies.barona.fi\/eesti\/privaatsusteade\/","name":"Privaatsusteade - Barona Estonia","isPartOf":{"@id":"https:\/\/policies.barona.fi\/eesti\/#website"},"datePublished":"2025-02-05T10:49:18+00:00","dateModified":"2025-02-20T07:12:09+00:00","breadcrumb":{"@id":"https:\/\/policies.barona.fi\/eesti\/privaatsusteade\/#breadcrumb"},"inLanguage":"en-GB","potentialAction":[{"@type":"ReadAction","target":["https:\/\/policies.barona.fi\/eesti\/privaatsusteade\/"]}]},{"@type":"BreadcrumbList","@id":"https:\/\/policies.barona.fi\/eesti\/privaatsusteade\/#breadcrumb","itemListElement":[{"@type":"ListItem","position":1,"name":"Home","item":"https:\/\/policies.barona.fi\/eesti\/"},{"@type":"ListItem","position":2,"name":"Privaatsusteade"}]},{"@type":"WebSite","@id":"https:\/\/policies.barona.fi\/eesti\/#website","url":"https:\/\/policies.barona.fi\/eesti\/","name":"Barona Estonia","description":"","publisher":{"@id":"https:\/\/policies.barona.fi\/eesti\/#organization"},"potentialAction":[{"@type":"SearchAction","target":{"@type":"EntryPoint","urlTemplate":"https:\/\/policies.barona.fi\/eesti\/?s={search_term_string}"},"query-input":{"@type":"PropertyValueSpecification","valueRequired":true,"valueName":"search_term_string"}}],"inLanguage":"en-GB"},{"@type":"Organization","@id":"https:\/\/policies.barona.fi\/eesti\/#organization","name":"Barona Estonia","url":"https:\/\/policies.barona.fi\/eesti\/","logo":{"@type":"ImageObject","inLanguage":"en-GB","@id":"https:\/\/policies.barona.fi\/eesti\/#\/schema\/logo\/image\/","url":"https:\/\/policies.barona.fi\/eesti\/wp-content\/uploads\/sites\/15\/2025\/02\/cropped-cropped-cropped-barona_black_rgb-e1694693512172-1.webp","contentUrl":"https:\/\/policies.barona.fi\/eesti\/wp-content\/uploads\/sites\/15\/2025\/02\/cropped-cropped-cropped-barona_black_rgb-e1694693512172-1.webp","width":120,"height":48,"caption":"Barona Estonia"},"image":{"@id":"https:\/\/policies.barona.fi\/eesti\/#\/schema\/logo\/image\/"}}]}},"lang":"et","translations":{"et":374,"en":448},"featured_image_src":null,"featured_image_src_square":null,"pll_sync_post":[],"_links":{"self":[{"href":"https:\/\/policies.barona.fi\/eesti\/wp-json\/wp\/v2\/pages\/374","targetHints":{"allow":["GET"]}}],"collection":[{"href":"https:\/\/policies.barona.fi\/eesti\/wp-json\/wp\/v2\/pages"}],"about":[{"href":"https:\/\/policies.barona.fi\/eesti\/wp-json\/wp\/v2\/types\/page"}],"author":[{"embeddable":true,"href":"https:\/\/policies.barona.fi\/eesti\/wp-json\/wp\/v2\/users\/1"}],"replies":[{"embeddable":true,"href":"https:\/\/policies.barona.fi\/eesti\/wp-json\/wp\/v2\/comments?post=374"}],"version-history":[{"count":0,"href":"https:\/\/policies.barona.fi\/eesti\/wp-json\/wp\/v2\/pages\/374\/revisions"}],"wp:attachment":[{"href":"https:\/\/policies.barona.fi\/eesti\/wp-json\/wp\/v2\/media?parent=374"}],"curies":[{"name":"wp","href":"https:\/\/api.w.org\/{rel}","templated":true}]}}